{"id":3,"date":"2024-08-07T22:28:32","date_gmt":"2024-08-07T22:28:32","guid":{"rendered":"http:\/\/miguela177.sg-host.com\/?page_id=3"},"modified":"2024-09-08T22:20:47","modified_gmt":"2024-09-08T22:20:47","slug":"privacy-policy","status":"publish","type":"page","link":"https:\/\/cepedatech.com\/en\/privacy-policy\/","title":{"rendered":"Pol\u00edtica de Privacidad"},"content":{"rendered":"<div data-elementor-type=\"wp-page\" data-elementor-id=\"3\" class=\"elementor elementor-3\" data-elementor-post-type=\"page\">\n\t\t\t\t\t\t<section class=\"elementor-section elementor-top-section elementor-element elementor-element-426cc46f elementor-section-boxed elementor-section-height-default elementor-section-height-default\" data-id=\"426cc46f\" data-element_type=\"section\">\n\t\t\t\t\t\t<div class=\"elementor-container elementor-column-gap-default\">\n\t\t\t\t\t<div class=\"elementor-column elementor-col-100 elementor-top-column elementor-element elementor-element-6683bfbc\" data-id=\"6683bfbc\" data-element_type=\"column\">\n\t\t\t<div class=\"elementor-widget-wrap elementor-element-populated\">\n\t\t\t\t\t\t<div class=\"elementor-element elementor-element-706a67a8 elementor-widget elementor-widget-text-editor\" data-id=\"706a67a8\" data-element_type=\"widget\" data-widget_type=\"text-editor.default\">\n\t\t\t\t<div class=\"elementor-widget-container\">\n\t\t\t\t\t\t\t\t\t<p><\/p>\n<h2 class=\"wp-block-heading\">\u00a0<\/h2>\n<div>\n<h2>Qui\u00e9nes somos<\/h2>\n<p>La direcci\u00f3n de nuestro sitio web es: <a href=\"https:\/\/cepedatech.com\/en\/\">https:\/\/cepedatech.com\/<\/a><\/p>\n<h2>Comentarios<\/h2>\n<p>Cuando los visitantes dejan comentarios en el sitio recogemos los datos que aparecen en el formulario de comentarios, y tambi\u00e9n la direcci\u00f3n IP del visitante y la cadena de agente de usuario del navegador para ayudar a la detecci\u00f3n de spam.<\/p>\n<p>Es posible que se proporcione al servicio Gravatar una cadena anonimizada creada a partir de su direcci\u00f3n de correo electr\u00f3nico (tambi\u00e9n llamada hash) para saber si la est\u00e1 utilizando. La pol\u00edtica de privacidad del servicio Gravatar est\u00e1 disponible aqu\u00ed: https:\/\/automattic.com\/privacy\/. Tras la aprobaci\u00f3n de tu comentario, tu foto de perfil ser\u00e1 visible para el p\u00fablico en el contexto de tu comentario.<\/p>\n<h2>Contenido multimedia<\/h2>\n<p>Si subes im\u00e1genes al sitio web, debes evitar subir im\u00e1genes con datos de localizaci\u00f3n incrustados (EXIF GPS) incluidos. Los visitantes del sitio web pueden descargar y extraer cualquier dato de localizaci\u00f3n de las im\u00e1genes del sitio web.<\/p>\n<h2>Cookies<\/h2>\n<p>Si deja un comentario en nuestro sitio web, puede optar por guardar su nombre, direcci\u00f3n de correo electr\u00f3nico y sitio web en cookies. Esto es para su comodidad, para que no tenga que rellenar sus datos de nuevo cuando deje otro comentario. Estas cookies durar\u00e1n un a\u00f1o.<\/p>\n<p>Si visita nuestra p\u00e1gina de inicio de sesi\u00f3n, instalaremos una cookie temporal para determinar si su navegador acepta cookies. Esta cookie no contiene datos personales y se descarta cuando cierra el navegador.<\/p>\n<p>Cuando inicie sesi\u00f3n, tambi\u00e9n instalaremos varias cookies para guardar su informaci\u00f3n de inicio de sesi\u00f3n y sus opciones de visualizaci\u00f3n en pantalla. Las cookies de inicio de sesi\u00f3n duran dos d\u00edas, y las de opciones de pantalla, un a\u00f1o. Si selecciona \u00abRecordarme\u00bb, sus datos de acceso permanecer\u00e1n durante dos semanas. Si cierra la sesi\u00f3n de su cuenta, se eliminar\u00e1n las cookies de inicio de sesi\u00f3n.<\/p>\n<p>Si edita o publica un art\u00edculo, se guardar\u00e1 una cookie adicional en su navegador. Esta cookie no incluye datos personales y simplemente indica el ID de publicaci\u00f3n del art\u00edculo que acaba de editar. Caduca al cabo de 1 d\u00eda.<\/p>\n<h2>Contenido incrustado de otros sitios web<\/h2>\n<p>Los art\u00edculos de este sitio pueden incluir contenido incrustado (por ejemplo, v\u00eddeos, im\u00e1genes, art\u00edculos, etc.). El contenido incrustado de otros sitios web se comporta exactamente igual que si el visitante hubiera visitado el otro sitio web.<\/p>\n<p>Estos sitios web pueden recopilar datos sobre usted, utilizar cookies, incrustar seguimiento adicional de terceros y supervisar su interacci\u00f3n con ese contenido incrustado, incluido el seguimiento de su interacci\u00f3n con el contenido incrustado si tiene una cuenta y ha iniciado sesi\u00f3n en ese sitio web.<\/p>\n<h2>Con qui\u00e9n compartimos sus datos<\/h2>\n<p>Si solicita un restablecimiento de contrase\u00f1a, su direcci\u00f3n IP se incluir\u00e1 en el correo electr\u00f3nico de restablecimiento.<\/p>\n<h2>Cu\u00e1nto tiempo conservamos sus datos<\/h2>\n<p>Si dejas un comentario, el comentario y sus metadatos se conservan indefinidamente. De este modo, podemos reconocer y aprobar autom\u00e1ticamente cualquier comentario posterior en lugar de retenerlo en una cola de moderaci\u00f3n.<\/p>\n<p>En el caso de los usuarios que se registran en nuestro sitio web (si los hay), tambi\u00e9n almacenamos la informaci\u00f3n personal que proporcionan en su perfil de usuario. Todos los usuarios pueden ver, editar o borrar su informaci\u00f3n personal en cualquier momento (excepto que no pueden cambiar su nombre de usuario). Los administradores del sitio web tambi\u00e9n pueden ver y editar esa informaci\u00f3n.<\/p>\n<h2>Qu\u00e9 derechos tienes sobre tus datos<\/h2>\n<p>Si tiene una cuenta en este sitio o ha dejado comentarios, puede solicitar que le enviemos un archivo exportado de los datos personales que tenemos sobre usted, incluidos los que nos haya facilitado. Tambi\u00e9n puede solicitar que borremos cualquier dato personal que tengamos sobre usted. Esto no incluye los datos que estemos obligados a conservar por motivos administrativos, legales o de seguridad.<\/p>\n<h2>D\u00f3nde se env\u00edan sus datos<\/h2>\n<p>Los comentarios de los visitantes pueden ser comprobados mediante un servicio automatizado de detecci\u00f3n de spam.<\/p>\n<\/div>\n<p><\/p>\t\t\t\t\t\t\t\t<\/div>\n\t\t\t\t<\/div>\n\t\t\t\t\t<\/div>\n\t\t<\/div>\n\t\t\t\t\t<\/div>\n\t\t<\/section>\n\t\t\t\t<\/div>","protected":false},"excerpt":{"rendered":"<p>\u00a0 Qui\u00e9nes somos La direcci\u00f3n de nuestro sitio web es: https:\/\/cepedatech.com\/ Comentarios Cuando los visitantes dejan comentarios en el sitio recogemos los datos que aparecen en el formulario de comentarios, y tambi\u00e9n la direcci\u00f3n IP del visitante y la cadena de agente de usuario del navegador para ayudar a la detecci\u00f3n de spam. Es posible [&hellip;]<\/p>","protected":false},"author":1,"featured_media":0,"parent":0,"menu_order":0,"comment_status":"closed","ping_status":"open","template":"","meta":{"footnotes":""},"class_list":["post-3","page","type-page","status-publish","hentry"],"yoast_head":"<!-- This site is optimized with the Yoast SEO plugin v24.9 - https:\/\/yoast.com\/wordpress\/plugins\/seo\/ -->\n<title>Pol\u00edtica de Privacidad - Cepeda Machinery<\/title>\n<meta name=\"robots\" content=\"index, follow, max-snippet:-1, max-image-preview:large, max-video-preview:-1\" \/>\n<link rel=\"canonical\" href=\"https:\/\/cepedatech.com\/en\/privacy-policy\/\" \/>\n<meta property=\"og:locale\" content=\"en_GB\" \/>\n<meta property=\"og:type\" content=\"article\" \/>\n<meta property=\"og:title\" content=\"Pol\u00edtica de Privacidad - Cepeda Machinery\" \/>\n<meta property=\"og:description\" content=\"\u00a0 Qui\u00e9nes somos La direcci\u00f3n de nuestro sitio web es: https:\/\/cepedatech.com\/ Comentarios Cuando los visitantes dejan comentarios en el sitio recogemos los datos que aparecen en el formulario de comentarios, y tambi\u00e9n la direcci\u00f3n IP del visitante y la cadena de agente de usuario del navegador para ayudar a la detecci\u00f3n de spam. Es posible [&hellip;]\" \/>\n<meta property=\"og:url\" content=\"https:\/\/cepedatech.com\/en\/privacy-policy\/\" \/>\n<meta property=\"og:site_name\" content=\"Cepeda Machinery\" \/>\n<meta property=\"article:modified_time\" content=\"2024-09-08T22:20:47+00:00\" \/>\n<meta name=\"twitter:card\" content=\"summary_large_image\" \/>\n<meta name=\"twitter:label1\" content=\"Estimated reading time\" \/>\n\t<meta name=\"twitter:data1\" content=\"3 minutes\" \/>\n<script type=\"application\/ld+json\" class=\"yoast-schema-graph\">{\"@context\":\"https:\/\/schema.org\",\"@graph\":[{\"@type\":\"WebPage\",\"@id\":\"https:\/\/cepedatech.com\/privacy-policy\/\",\"url\":\"https:\/\/cepedatech.com\/privacy-policy\/\",\"name\":\"Pol\u00edtica de Privacidad - Cepeda Machinery\",\"isPartOf\":{\"@id\":\"https:\/\/cepedatech.com\/#website\"},\"datePublished\":\"2024-08-07T22:28:32+00:00\",\"dateModified\":\"2024-09-08T22:20:47+00:00\",\"breadcrumb\":{\"@id\":\"https:\/\/cepedatech.com\/privacy-policy\/#breadcrumb\"},\"inLanguage\":\"en-GB\",\"potentialAction\":[{\"@type\":\"ReadAction\",\"target\":[\"https:\/\/cepedatech.com\/privacy-policy\/\"]}]},{\"@type\":\"BreadcrumbList\",\"@id\":\"https:\/\/cepedatech.com\/privacy-policy\/#breadcrumb\",\"itemListElement\":[{\"@type\":\"ListItem\",\"position\":1,\"name\":\"Portada\",\"item\":\"https:\/\/cepedatech.com\/\"},{\"@type\":\"ListItem\",\"position\":2,\"name\":\"Pol\u00edtica de Privacidad\"}]},{\"@type\":\"WebSite\",\"@id\":\"https:\/\/cepedatech.com\/#website\",\"url\":\"https:\/\/cepedatech.com\/\",\"name\":\"Cepeda Machinery\",\"description\":\"\",\"publisher\":{\"@id\":\"https:\/\/cepedatech.com\/#organization\"},\"potentialAction\":[{\"@type\":\"SearchAction\",\"target\":{\"@type\":\"EntryPoint\",\"urlTemplate\":\"https:\/\/cepedatech.com\/?s={search_term_string}\"},\"query-input\":{\"@type\":\"PropertyValueSpecification\",\"valueRequired\":true,\"valueName\":\"search_term_string\"}}],\"inLanguage\":\"en-GB\"},{\"@type\":\"Organization\",\"@id\":\"https:\/\/cepedatech.com\/#organization\",\"name\":\"Cepeda Machinery\",\"url\":\"https:\/\/cepedatech.com\/\",\"logo\":{\"@type\":\"ImageObject\",\"inLanguage\":\"en-GB\",\"@id\":\"https:\/\/cepedatech.com\/#\/schema\/logo\/image\/\",\"url\":\"https:\/\/cepedatech.com\/wp-content\/uploads\/2024\/08\/cepeda-logo.png\",\"contentUrl\":\"https:\/\/cepedatech.com\/wp-content\/uploads\/2024\/08\/cepeda-logo.png\",\"width\":705,\"height\":190,\"caption\":\"Cepeda Machinery\"},\"image\":{\"@id\":\"https:\/\/cepedatech.com\/#\/schema\/logo\/image\/\"}}]}<\/script>\n<!-- \/ Yoast SEO plugin. -->","yoast_head_json":{"title":"Pol\u00edtica de Privacidad - Cepeda Machinery","robots":{"index":"index","follow":"follow","max-snippet":"max-snippet:-1","max-image-preview":"max-image-preview:large","max-video-preview":"max-video-preview:-1"},"canonical":"https:\/\/cepedatech.com\/en\/privacy-policy\/","og_locale":"en_GB","og_type":"article","og_title":"Pol\u00edtica de Privacidad - Cepeda Machinery","og_description":"\u00a0 Qui\u00e9nes somos La direcci\u00f3n de nuestro sitio web es: https:\/\/cepedatech.com\/ Comentarios Cuando los visitantes dejan comentarios en el sitio recogemos los datos que aparecen en el formulario de comentarios, y tambi\u00e9n la direcci\u00f3n IP del visitante y la cadena de agente de usuario del navegador para ayudar a la detecci\u00f3n de spam. Es posible [&hellip;]","og_url":"https:\/\/cepedatech.com\/en\/privacy-policy\/","og_site_name":"Cepeda Machinery","article_modified_time":"2024-09-08T22:20:47+00:00","twitter_card":"summary_large_image","twitter_misc":{"Estimated reading time":"3 minutes"},"schema":{"@context":"https:\/\/schema.org","@graph":[{"@type":"WebPage","@id":"https:\/\/cepedatech.com\/privacy-policy\/","url":"https:\/\/cepedatech.com\/privacy-policy\/","name":"Pol\u00edtica de Privacidad - Cepeda Machinery","isPartOf":{"@id":"https:\/\/cepedatech.com\/#website"},"datePublished":"2024-08-07T22:28:32+00:00","dateModified":"2024-09-08T22:20:47+00:00","breadcrumb":{"@id":"https:\/\/cepedatech.com\/privacy-policy\/#breadcrumb"},"inLanguage":"en-GB","potentialAction":[{"@type":"ReadAction","target":["https:\/\/cepedatech.com\/privacy-policy\/"]}]},{"@type":"BreadcrumbList","@id":"https:\/\/cepedatech.com\/privacy-policy\/#breadcrumb","itemListElement":[{"@type":"ListItem","position":1,"name":"Portada","item":"https:\/\/cepedatech.com\/"},{"@type":"ListItem","position":2,"name":"Pol\u00edtica de Privacidad"}]},{"@type":"WebSite","@id":"https:\/\/cepedatech.com\/#website","url":"https:\/\/cepedatech.com\/","name":"Cepeda Machinery","description":"","publisher":{"@id":"https:\/\/cepedatech.com\/#organization"},"potentialAction":[{"@type":"SearchAction","target":{"@type":"EntryPoint","urlTemplate":"https:\/\/cepedatech.com\/?s={search_term_string}"},"query-input":{"@type":"PropertyValueSpecification","valueRequired":true,"valueName":"search_term_string"}}],"inLanguage":"en-GB"},{"@type":"Organization","@id":"https:\/\/cepedatech.com\/#organization","name":"Cepeda Machinery","url":"https:\/\/cepedatech.com\/","logo":{"@type":"ImageObject","inLanguage":"en-GB","@id":"https:\/\/cepedatech.com\/#\/schema\/logo\/image\/","url":"https:\/\/cepedatech.com\/wp-content\/uploads\/2024\/08\/cepeda-logo.png","contentUrl":"https:\/\/cepedatech.com\/wp-content\/uploads\/2024\/08\/cepeda-logo.png","width":705,"height":190,"caption":"Cepeda Machinery"},"image":{"@id":"https:\/\/cepedatech.com\/#\/schema\/logo\/image\/"}}]}},"_links":{"self":[{"href":"https:\/\/cepedatech.com\/en\/wp-json\/wp\/v2\/pages\/3","targetHints":{"allow":["GET"]}}],"collection":[{"href":"https:\/\/cepedatech.com\/en\/wp-json\/wp\/v2\/pages"}],"about":[{"href":"https:\/\/cepedatech.com\/en\/wp-json\/wp\/v2\/types\/page"}],"author":[{"embeddable":true,"href":"https:\/\/cepedatech.com\/en\/wp-json\/wp\/v2\/users\/1"}],"replies":[{"embeddable":true,"href":"https:\/\/cepedatech.com\/en\/wp-json\/wp\/v2\/comments?post=3"}],"version-history":[{"count":7,"href":"https:\/\/cepedatech.com\/en\/wp-json\/wp\/v2\/pages\/3\/revisions"}],"predecessor-version":[{"id":380,"href":"https:\/\/cepedatech.com\/en\/wp-json\/wp\/v2\/pages\/3\/revisions\/380"}],"wp:attachment":[{"href":"https:\/\/cepedatech.com\/en\/wp-json\/wp\/v2\/media?parent=3"}],"curies":[{"name":"wp","href":"https:\/\/api.w.org\/{rel}","templated":true}]}}